{"id":1939,"date":"2020-09-28T14:26:02","date_gmt":"2020-09-28T12:26:02","guid":{"rendered":"https:\/\/sirty6.ch\/?page_id=1939"},"modified":"2020-10-01T09:01:18","modified_gmt":"2020-10-01T07:01:18","slug":"coaching","status":"publish","type":"page","link":"https:\/\/sirty6.ch\/six\/was\/coaching\/","title":{"rendered":""},"content":{"rendered":"\n<figure class=\"wp-block-image alignwide size-large is-style-default\"><img fetchpriority=\"high\" decoding=\"async\" width=\"1024\" height=\"190\" src=\"https:\/\/sirty6.ch\/six\/wp-content\/uploads\/2020\/09\/Copy-of-Graphic-Design-4-1024x190.png\" alt=\"\" class=\"wp-image-2178\" srcset=\"https:\/\/sirty6.ch\/six\/wp-content\/uploads\/2020\/09\/Copy-of-Graphic-Design-4-1024x190.png 1024w, https:\/\/sirty6.ch\/six\/wp-content\/uploads\/2020\/09\/Copy-of-Graphic-Design-4-300x56.png 300w, https:\/\/sirty6.ch\/six\/wp-content\/uploads\/2020\/09\/Copy-of-Graphic-Design-4-768x142.png 768w, https:\/\/sirty6.ch\/six\/wp-content\/uploads\/2020\/09\/Copy-of-Graphic-Design-4.png 1350w\" sizes=\"(max-width: 1024px) 100vw, 1024px\" \/><\/figure>\n\n\n\n<br>\n\n\n\n<h2 class=\"wp-block-heading\"><\/h2>\n\n\n\n<p><\/p>\n\n\n\n<br>\n\n\n\n<br>\n\n\n\n<div class=\"wp-block-media-text alignwide is-stacked-on-mobile is-image-fill has-white-background-color has-background\" style=\"grid-template-columns:46% auto\"><figure class=\"wp-block-media-text__media\" style=\"background-image:url(https:\/\/sirty6.ch\/six\/wp-content\/uploads\/2020\/09\/Website-Kacheln-3.png);background-position:40% 45%\"><img decoding=\"async\" width=\"800\" height=\"800\" src=\"https:\/\/sirty6.ch\/six\/wp-content\/uploads\/2020\/09\/Website-Kacheln-3.png\" alt=\"\" class=\"wp-image-2021\" srcset=\"https:\/\/sirty6.ch\/six\/wp-content\/uploads\/2020\/09\/Website-Kacheln-3.png 800w, https:\/\/sirty6.ch\/six\/wp-content\/uploads\/2020\/09\/Website-Kacheln-3-300x300.png 300w, https:\/\/sirty6.ch\/six\/wp-content\/uploads\/2020\/09\/Website-Kacheln-3-150x150.png 150w, https:\/\/sirty6.ch\/six\/wp-content\/uploads\/2020\/09\/Website-Kacheln-3-768x768.png 768w\" sizes=\"(max-width: 800px) 100vw, 800px\" \/><\/figure><div class=\"wp-block-media-text__content\">\n<br>\n\n\n\n<h2 class=\"wp-block-heading\"><strong>Social Media Coaching<\/strong><\/h2>\n\n\n\n<br>\n\n\n\n<p>Gemeinsam evaluieren wir eine Social Media Strategie f\u00fcr Dein Unternehmen. Dabei schauen wir uns Deine Ziele, Zielgruppen, Mitbewerber und Deine bisherigen Aktivit\u00e4ten an. <br><br>Die Beratung kann in verschiedenen Formen stattfinden, z. B. als einmaliges Beratungsgespr\u00e4ch oder im Rahmen eines oder mehreren Workshops.<br><br><\/p>\n\n\n\n<h4 class=\"wp-block-heading\"><strong>Melde Dich f\u00fcr ein kostenloses Erstgespr\u00e4ch.<\/strong><\/h4>\n\n\n\n<br>\n\n\n\n<div class=\"wp-block-buttons is-layout-flex wp-block-buttons-is-layout-flex\">\n<div class=\"wp-block-button\"><a class=\"wp-block-button__link\" href=\"https:\/\/sirty6.ch\/kontaktformular\/\" target=\"_blank\" rel=\"noreferrer noopener\">Schreib mir<\/a><\/div>\n<\/div>\n\n\n\n<p><\/p>\n<\/div><\/div>\n\n\n\n<br>\n\n\n\n<br>\n\n\n\n<br>\n\n\n\n<br>\n\n\n\n<br>\n\n\n\n<div class=\"wp-block-media-text alignwide is-stacked-on-mobile is-image-fill has-white-background-color has-background\" style=\"grid-template-columns:46% auto\"><figure class=\"wp-block-media-text__media\" style=\"background-image:url(https:\/\/sirty6.ch\/six\/wp-content\/uploads\/2020\/09\/6.png);background-position:40% 45%\"><img decoding=\"async\" width=\"800\" height=\"800\" src=\"https:\/\/sirty6.ch\/six\/wp-content\/uploads\/2020\/09\/6.png\" alt=\"\" class=\"wp-image-2226\" srcset=\"https:\/\/sirty6.ch\/six\/wp-content\/uploads\/2020\/09\/6.png 800w, https:\/\/sirty6.ch\/six\/wp-content\/uploads\/2020\/09\/6-300x300.png 300w, https:\/\/sirty6.ch\/six\/wp-content\/uploads\/2020\/09\/6-150x150.png 150w, https:\/\/sirty6.ch\/six\/wp-content\/uploads\/2020\/09\/6-768x768.png 768w\" sizes=\"(max-width: 800px) 100vw, 800px\" \/><\/figure><div class=\"wp-block-media-text__content\">\n<br>\n\n\n\n<h2 class=\"has-text-align-left wp-block-heading\"><strong><strong>Plattform spezifische Coachings<\/strong><\/strong><\/h2>\n\n\n\n<br>\n\n\n\n<p class=\"has-text-align-left\">Was und wie poste ich auf Instagram?<br>Wie sieht die optimale LinkedIn Bio aus?<br>Auf was muss ich bei TikTok achten?<br>Soll ich ein Facebook-Unternehmensprofil erstellen?<\/p>\n\n\n\n<br>\n\n\n\n<p class=\"has-text-align-left\">Ich helfe Dir all diese Fragen zu beantworten.<\/p>\n\n\n\n<br>\n\n\n\n<div class=\"wp-block-buttons is-layout-flex wp-block-buttons-is-layout-flex\">\n<div class=\"wp-block-button\"><a class=\"wp-block-button__link\" href=\"\" target=\"_blank\" rel=\"noreferrer noopener\">Schreib mir<\/a><\/div>\n<\/div>\n\n\n\n<div class=\"wp-block-buttons alignright is-layout-flex wp-block-buttons-is-layout-flex\"><\/div>\n\n\n\n<br>\n\n\n<\/div><\/div>\n\n\n\n<br>\n\n\n\n<br>\n\n\n\n<br>\n\n\n\n<br>\n\n\n\n<figure class=\"wp-block-gallery alignwide columns-2 is-cropped wp-block-gallery-1 is-layout-flex wp-block-gallery-is-layout-flex\"><ul class=\"blocks-gallery-grid\"><li class=\"blocks-gallery-item\"><figure><img loading=\"lazy\" decoding=\"async\" width=\"800\" height=\"800\" src=\"https:\/\/sirty6.ch\/six\/wp-content\/uploads\/2020\/09\/1.png\" alt=\"\" data-id=\"2302\" data-full-url=\"https:\/\/sirty6.ch\/six\/wp-content\/uploads\/2020\/09\/1.png\" data-link=\"https:\/\/sirty6.ch\/?attachment_id=2302\" class=\"wp-image-2302\" srcset=\"https:\/\/sirty6.ch\/six\/wp-content\/uploads\/2020\/09\/1.png 800w, https:\/\/sirty6.ch\/six\/wp-content\/uploads\/2020\/09\/1-300x300.png 300w, https:\/\/sirty6.ch\/six\/wp-content\/uploads\/2020\/09\/1-150x150.png 150w, https:\/\/sirty6.ch\/six\/wp-content\/uploads\/2020\/09\/1-768x768.png 768w\" sizes=\"(max-width: 800px) 100vw, 800px\" \/><\/figure><\/li><li class=\"blocks-gallery-item\"><figure><img loading=\"lazy\" decoding=\"async\" width=\"800\" height=\"800\" src=\"https:\/\/sirty6.ch\/six\/wp-content\/uploads\/2020\/09\/2.png\" alt=\"\" data-id=\"2303\" data-full-url=\"https:\/\/sirty6.ch\/six\/wp-content\/uploads\/2020\/09\/2.png\" data-link=\"https:\/\/sirty6.ch\/?attachment_id=2303\" class=\"wp-image-2303\" srcset=\"https:\/\/sirty6.ch\/six\/wp-content\/uploads\/2020\/09\/2.png 800w, https:\/\/sirty6.ch\/six\/wp-content\/uploads\/2020\/09\/2-300x300.png 300w, https:\/\/sirty6.ch\/six\/wp-content\/uploads\/2020\/09\/2-150x150.png 150w, https:\/\/sirty6.ch\/six\/wp-content\/uploads\/2020\/09\/2-768x768.png 768w\" sizes=\"(max-width: 800px) 100vw, 800px\" \/><\/figure><\/li><\/ul><\/figure>\n\n\n\n<figure class=\"wp-block-gallery alignwide columns-2 is-cropped wp-block-gallery-2 is-layout-flex wp-block-gallery-is-layout-flex\"><ul class=\"blocks-gallery-grid\"><li class=\"blocks-gallery-item\"><figure><img loading=\"lazy\" decoding=\"async\" width=\"800\" height=\"800\" src=\"https:\/\/sirty6.ch\/six\/wp-content\/uploads\/2020\/09\/3.png\" alt=\"\" data-id=\"2304\" data-full-url=\"https:\/\/sirty6.ch\/six\/wp-content\/uploads\/2020\/09\/3.png\" data-link=\"https:\/\/sirty6.ch\/?attachment_id=2304\" class=\"wp-image-2304\" srcset=\"https:\/\/sirty6.ch\/six\/wp-content\/uploads\/2020\/09\/3.png 800w, https:\/\/sirty6.ch\/six\/wp-content\/uploads\/2020\/09\/3-300x300.png 300w, https:\/\/sirty6.ch\/six\/wp-content\/uploads\/2020\/09\/3-150x150.png 150w, https:\/\/sirty6.ch\/six\/wp-content\/uploads\/2020\/09\/3-768x768.png 768w\" sizes=\"(max-width: 800px) 100vw, 800px\" \/><\/figure><\/li><li class=\"blocks-gallery-item\"><figure><img loading=\"lazy\" decoding=\"async\" width=\"800\" height=\"800\" src=\"https:\/\/sirty6.ch\/six\/wp-content\/uploads\/2020\/09\/4-1.png\" alt=\"\" data-id=\"2305\" data-full-url=\"https:\/\/sirty6.ch\/six\/wp-content\/uploads\/2020\/09\/4-1.png\" data-link=\"https:\/\/sirty6.ch\/?attachment_id=2305\" class=\"wp-image-2305\" srcset=\"https:\/\/sirty6.ch\/six\/wp-content\/uploads\/2020\/09\/4-1.png 800w, https:\/\/sirty6.ch\/six\/wp-content\/uploads\/2020\/09\/4-1-300x300.png 300w, https:\/\/sirty6.ch\/six\/wp-content\/uploads\/2020\/09\/4-1-150x150.png 150w, https:\/\/sirty6.ch\/six\/wp-content\/uploads\/2020\/09\/4-1-768x768.png 768w\" sizes=\"(max-width: 800px) 100vw, 800px\" \/><\/figure><\/li><\/ul><\/figure>\n\n\n\n<br>\n\n\n\n<br>\n","protected":false},"excerpt":{"rendered":"<p>Du m\u00f6chtest Social Media selbst machen? Weisst aber nicht wo starten? Ich coache Dich!<br \/>\nSocial Media allgemein oder auch f\u00fcr eine spezifische Plattform.<\/p>\n","protected":false},"author":1,"featured_media":2312,"parent":160,"menu_order":2,"comment_status":"closed","ping_status":"closed","template":"","meta":{"footnotes":""},"class_list":["post-1939","page","type-page","status-publish","has-post-thumbnail","hentry"],"_links":{"self":[{"href":"https:\/\/sirty6.ch\/six\/wp-json\/wp\/v2\/pages\/1939","targetHints":{"allow":["GET"]}}],"collection":[{"href":"https:\/\/sirty6.ch\/six\/wp-json\/wp\/v2\/pages"}],"about":[{"href":"https:\/\/sirty6.ch\/six\/wp-json\/wp\/v2\/types\/page"}],"author":[{"embeddable":true,"href":"https:\/\/sirty6.ch\/six\/wp-json\/wp\/v2\/users\/1"}],"replies":[{"embeddable":true,"href":"https:\/\/sirty6.ch\/six\/wp-json\/wp\/v2\/comments?post=1939"}],"version-history":[{"count":69,"href":"https:\/\/sirty6.ch\/six\/wp-json\/wp\/v2\/pages\/1939\/revisions"}],"predecessor-version":[{"id":2386,"href":"https:\/\/sirty6.ch\/six\/wp-json\/wp\/v2\/pages\/1939\/revisions\/2386"}],"up":[{"embeddable":true,"href":"https:\/\/sirty6.ch\/six\/wp-json\/wp\/v2\/pages\/160"}],"wp:featuredmedia":[{"embeddable":true,"href":"https:\/\/sirty6.ch\/six\/wp-json\/wp\/v2\/media\/2312"}],"wp:attachment":[{"href":"https:\/\/sirty6.ch\/six\/wp-json\/wp\/v2\/media?parent=1939"}],"curies":[{"name":"wp","href":"https:\/\/api.w.org\/{rel}","templated":true}]}}