{"id":289,"date":"2019-01-12T15:23:20","date_gmt":"2019-01-12T14:23:20","guid":{"rendered":"https:\/\/sirty6.ch\/six\/?page_id=289"},"modified":"2021-08-17T13:56:00","modified_gmt":"2021-08-17T11:56:00","slug":"home","status":"publish","type":"page","link":"https:\/\/sirty6.ch\/six\/","title":{"rendered":""},"content":{"rendered":"\n<br><br>\n\n\n\n<div class=\"wp-block-media-text alignwide is-stacked-on-mobile\" style=\"grid-template-columns:35% auto\"><figure class=\"wp-block-media-text__media\"><img fetchpriority=\"high\" decoding=\"async\" width=\"800\" height=\"800\" src=\"https:\/\/sirty6.ch\/six\/wp-content\/uploads\/2020\/10\/Website-Kacheln-9.png\" alt=\"\" class=\"wp-image-2485 size-full\" srcset=\"https:\/\/sirty6.ch\/six\/wp-content\/uploads\/2020\/10\/Website-Kacheln-9.png 800w, https:\/\/sirty6.ch\/six\/wp-content\/uploads\/2020\/10\/Website-Kacheln-9-300x300.png 300w, https:\/\/sirty6.ch\/six\/wp-content\/uploads\/2020\/10\/Website-Kacheln-9-150x150.png 150w, https:\/\/sirty6.ch\/six\/wp-content\/uploads\/2020\/10\/Website-Kacheln-9-768x768.png 768w\" sizes=\"(max-width: 800px) 100vw, 800px\" \/><\/figure><div class=\"wp-block-media-text__content\">\n<br>\n\n\n\n<p>Ich entwickle massgeschneiderte Social Media L\u00f6sungen, welche optimal zu Dir und Deinem Unternehmen passen. <\/p>\n\n\n\n<br>\n\n\n\n<p class=\"has-text-align-left\"><p>Mein Ziel ist die Zielgruppe zu finden und anzusprechen, welche genau Dein Produkt oder Deine Dienstleistung sucht und braucht. Dazu m\u00fcssen wir Deine Zielgruppe definieren, passende Inhalte kreieren und auf den richtigen Social Media Plattformen streuen. <br><\/p><\/p>\n\n\n\n<br>\n\n\n\n<p>Warum? Weil ich \u00fcberzeugt davon bin, dass Einzel- und Kleinunternehmer das Gef\u00fchl haben auf Social Media nichts erreichen zu k\u00f6nnen.<br>Ich weiss, dass wir mit passenden und richtig eingesetzten Inhalten f\u00fcr Deine Zielgruppe nicht nur sp\u00fcrbar, sondern auch messbaren Erfolg erzielen k\u00f6nnen.<\/p>\n\n\n\n<br>\n\n\n\n<div class=\"wp-block-buttons is-layout-flex wp-block-buttons-is-layout-flex\">\n<a href=\"https:\/\/sirty6.ch\/kontaktformular\/\">Melde Dich<\/a>\n<\/div>\n\n\n\n<br>\n<\/div><\/div>\n\n\n\n<br>\n\n\n\n<br>\n\n\n\n<h4 class=\"wp-block-heading\"><strong>Die Arbeit die Du t\u00e4glich leistest, Dein Engagement und den Mehrwert, welchen Du f\u00fcr Deine Kunden generierst ist gross und das sollen die richtigen Personen wissen.<\/strong><\/h4>\n\n\n\n<br><br>\n\n\n\n<br><br>\n\n\n\n<div class=\"wp-block-cover alignwide has-background-dim-60 has-background-dim has-parallax has-custom-content-position is-position-bottom-center\" style=\"background-image:url(https:\/\/sirty6.ch\/six\/wp-content\/uploads\/2020\/09\/20200930_Website_Cover_Me_1350x650-1.png);background-color:#3791a1;min-height:600px;aspect-ratio:unset;\"><div class=\"wp-block-cover__inner-container is-layout-flow wp-block-cover-is-layout-flow\">\n<p class=\"has-text-align-center has-large-font-size\"><p>a Lady like a SIR<\/p><\/p>\n<\/div><\/div>\n\n\n\n<br>\n\n\n\n<br>\n\n\n\n<br>\n\n\n\n<div class=\"wp-block-media-text alignwide has-media-on-the-right is-stacked-on-mobile has-white-background-color has-background\" style=\"grid-template-columns:auto 34%\"><figure class=\"wp-block-media-text__media\"><img decoding=\"async\" width=\"800\" height=\"800\" src=\"https:\/\/sirty6.ch\/six\/wp-content\/uploads\/2020\/09\/6.png\" alt=\"\" class=\"wp-image-2226 size-full\" srcset=\"https:\/\/sirty6.ch\/six\/wp-content\/uploads\/2020\/09\/6.png 800w, https:\/\/sirty6.ch\/six\/wp-content\/uploads\/2020\/09\/6-300x300.png 300w, https:\/\/sirty6.ch\/six\/wp-content\/uploads\/2020\/09\/6-150x150.png 150w, https:\/\/sirty6.ch\/six\/wp-content\/uploads\/2020\/09\/6-768x768.png 768w\" sizes=\"(max-width: 800px) 100vw, 800px\" \/><\/figure><div class=\"wp-block-media-text__content\">\n<br>\n\n\n\n<h2 class=\"wp-block-heading\"><strong>Brauchst Du Unterst\u00fczung f\u00fcr Deinen Social Media Auftritt?<\/strong><\/h2>\n\n\n\n<br>\n\n\n\n<p class=\"has-text-align-right\"><p>Ich kann Dir das gesamte Social Media \u00fcbernehmen. Ich kann Dich coachen. Ich kann Dir auch Grafiken f\u00fcr Deine Social Media Plattformen erstellen. Ideen geben. <\/p><\/p>\n\n\n\n<br>\n\n\n\n<div class=\"wp-block-buttons is-layout-flex wp-block-buttons-is-layout-flex\">\n<a href=\"https:\/\/sirty6.ch\/kontaktformular\/\">Melde Dich<\/a>\n<\/div>\n\n\n\n<br>\n\n\n\n<br>\n\n\n\n<br>\n<\/div><\/div>\n\n\n\n<p><\/p>\n","protected":false},"excerpt":{"rendered":"<p>Die Arbeit die Du t\u00e4glich leistest, Dein Engagement und den Mehrwert, welchen Du f\u00fcr Deine Kunden generierst ist gross und das sollen die richtigen Personen wissen.<\/p>\n","protected":false},"author":1,"featured_media":0,"parent":0,"menu_order":0,"comment_status":"closed","ping_status":"closed","template":"","meta":{"footnotes":""},"class_list":["post-289","page","type-page","status-publish","hentry"],"_links":{"self":[{"href":"https:\/\/sirty6.ch\/six\/wp-json\/wp\/v2\/pages\/289","targetHints":{"allow":["GET"]}}],"collection":[{"href":"https:\/\/sirty6.ch\/six\/wp-json\/wp\/v2\/pages"}],"about":[{"href":"https:\/\/sirty6.ch\/six\/wp-json\/wp\/v2\/types\/page"}],"author":[{"embeddable":true,"href":"https:\/\/sirty6.ch\/six\/wp-json\/wp\/v2\/users\/1"}],"replies":[{"embeddable":true,"href":"https:\/\/sirty6.ch\/six\/wp-json\/wp\/v2\/comments?post=289"}],"version-history":[{"count":214,"href":"https:\/\/sirty6.ch\/six\/wp-json\/wp\/v2\/pages\/289\/revisions"}],"predecessor-version":[{"id":2797,"href":"https:\/\/sirty6.ch\/six\/wp-json\/wp\/v2\/pages\/289\/revisions\/2797"}],"wp:attachment":[{"href":"https:\/\/sirty6.ch\/six\/wp-json\/wp\/v2\/media?parent=289"}],"curies":[{"name":"wp","href":"https:\/\/api.w.org\/{rel}","templated":true}]}}