{"id":3,"date":"2018-12-31T13:45:02","date_gmt":"2018-12-31T12:45:02","guid":{"rendered":"https:\/\/sirty6.ch\/six\/?page_id=3"},"modified":"2019-02-20T11:25:04","modified_gmt":"2019-02-20T10:25:04","slug":"datenschutzerklaerung","status":"publish","type":"page","link":"https:\/\/sirty6.ch\/six\/datenschutzerklaerung\/","title":{"rendered":"Datenschutz"},"content":{"rendered":"\n<h2 class=\"wp-block-heading\"><strong>Personenbezogene Daten<\/strong><\/h2>\n\n\n\n<p>Personenbezogene Daten werden nur erhoben, wenn Du mir diese selbst \u00fcber das Kontaktformular mitteilst. Diese Daten nutze ich ausschliesslich zur Beantwortung Deiner Anfrage. Deine Daten werden nicht an Dritte weitergegeben.<\/p>\n\n\n\n<p>Ich behalte Deine Daten so lange auf, wie ich dies zur Einhaltung der gew\u00fcnschten, durch mich erbrachten Dienstleistungen als notwendig oder angemessen betrachte oder so lange sie f\u00fcr die Zwecke, f\u00fcr die sie gesammelt wurden, notwendig sind. Ich l\u00f6sche Deine Daten, sobald und sofort Du dies w\u00fcnschst oder meine Dienstleistungen nicht mehr in Anspruch nehmen m\u00f6chtest. Kontakiere mich in diesem Fall \u00fcber das Kontaktformular, per E-Mail oder Telefon.<\/p>\n\n\n\n<h2 class=\"wp-block-heading\"><strong>Cookies<\/strong><\/h2>\n\n\n\n<p>Das Akzeptieren von Cookies ist keine Voraussetzung zum Besuch meiner Webseiten. Jedoch weise ich Dich darauf hin, dass die Webseite nur eingeschr\u00e4nkte Funktionalit\u00e4ten hat, wenn Du es nicht erlaubst Cookies zu setzen.<\/p>\n\n\n\n<h3 class=\"wp-block-heading\">Was sind Cookies?<\/h3>\n\n\n\n<p>Cookies sind kleine (Text-)Dateien, die auf Deinem Datentr\u00e4ger gespeichert werden und die bestimmte Einstellungen und Daten zum Austausch mit dem System \u00fcber Deinen Browser speichert. Grunds\u00e4tzlich unterscheidet man zwei verschiedene Arten von Cookies, sogenannte Session-Cookies, die gel\u00f6scht werden, sobald Du Deinen Browser schliesst und tempor\u00e4re\/permanente Cookies, die f\u00fcr einen l\u00e4ngeren Zeitraum oder unbegrenzt auf Deinem Datentr\u00e4ger gespeichert werden.<\/p>\n\n\n\n<h3 class=\"wp-block-heading\">Welche Daten sind in den Cookies gespeichert?<\/h3>\n\n\n\n<p>In den verwendeten Cookies werden lediglich pseudonyme Daten gespeichert. Bei Aktivierung des Cookies wird diesem eine Identifikationsnummer zugewiesen und eine Zuordnung Deiner personenbezogenen Daten zu dieser Identifikationsnummer wird nicht vorgenommen. Dein Name, Deine IP-Adresse oder \u00e4hnliche Daten, die eine direkte Zuordnung des Cookies zu Dir erm\u00f6glichen w\u00fcrde, werden nicht in den Cookie eingelegt. Auf Basis der Cookie-Technologie erhalte ich lediglich pseudonymisierte Informationen, beispielsweise dar\u00fcber, welche Seiten unserer Webseite besucht wurden.<\/p>\n\n\n\n<h3 class=\"wp-block-heading\">Warum <g class=\"gr_ gr_59 gr-alert gr_spell gr_inline_cards gr_disable_anim_appear ContextualSpelling\" id=\"59\" data-gr-id=\"59\">werden<\/g> Cookies genutzt?<\/h3>\n\n\n\n<p>Diese Speicherung hilft dabei, die Webseite und meine Angebote f\u00fcr Dich entsprechend zu gestalten und erleichtert Dir die Nutzung meiner Webseite, f\u00fchrt zu einem verbesserten Nutzererlebnis und einem angenehmeren Surfverhalten auf der Webseite. Zudem kann ich Dir mit der Speicherung gezielter und daf\u00fcr insgesamt weniger Werbung ausspielen.<\/p>\n\n\n\n<h2 class=\"wp-block-heading\"><strong>Anonymisiertes Webtracking mit Google Analytics<\/strong><\/h2>\n\n\n\n<p>Diese Website benutzt Google Analytics, einen Webanalysedienst der Google Inc. (\u201eGoogle\u201c). Google Analytics verwendet sog. \u201eCookies\u201c, Textdateien, die auf Ihrem Computer gespeichert werden und die eine Analyse der Benutzung der Website durch Dich erm\u00f6glichen. Die durch das Cookie erzeugten Informationen \u00fcber Deine Benutzung dieser Website werden normalerweise an einen Server von Google in den USA \u00fcbertragen und dort gespeichert.<\/p>\n\n\n\n<p>Durch die von mir vorgenommene Aktivierung der IP-Anonymisierung wird Deine IP-Adresse von Google jedoch innerhalb von Mitgliedstaaten der Europ\u00e4ischen Union oder in anderen Vertragsstaaten des Abkommens \u00fcber den Europ\u00e4ischen Wirtschaftsraum zuvor gek\u00fcrzt. Nur in Ausnahmef\u00e4llen wird die volle IP-Adresse an einen Server von Google in den USA \u00fcbertragen und dort gek\u00fcrzt.<\/p>\n\n\n\n<p>Im meinem Auftrag wird Google diese Informationen benutzen, um Deine Nutzung der Website anonymisiert auszuwerten, um Reports \u00fcber die Websiteaktivit\u00e4ten zusammenzustellen und um weitere mit der Websitenutzung und der Internetnutzung verbundene Dienstleistungen f\u00fcr mich zu erbringen. Die im Rahmen von Google Analytics von Deinem Browser \u00fcbermittelte IP-Adresse wird nicht mit anderen Daten von Google zusammengef\u00fchrt.<\/p>\n\n\n\n<p>Du kannst die Erfassung der durch das Cookie erzeugten und auf Deine Nutzung der Website bezogenen Daten (inkl. Ihrer IP-Adresse) an Google sowie die Verarbeitung dieser Daten durch Google verhindern, indem Du das unter dem folgenden Link verf\u00fcgbare Browser-Plugin herunterl\u00e4dst und installierst:\u00a0<a rel=\"noreferrer noopener\" href=\"http:\/\/tools.google.com\/dlpage\/gaoptout?hl=de\" target=\"_blank\">http:\/\/tools.google.com\/dlpage\/gaoptout?hl=de<\/a><\/p>\n\n\n\n<h2 class=\"wp-block-heading\"><strong>Personalisierte Werbebanner und Werbeanzeigen<\/strong><\/h2>\n\n\n\n<p>Auf dieser Website werden durch die Technologien von Google Informationen \u00fcber das Surfverhalten der Website-Besucher zu Marketingzwecken in anonymisierter Form gesammelt und gespeichert. Diese Daten werden mithilfe von sog. \u201eCookie\u201c-Textdateien auf Deinem Computer gespeichert. Google analysiert anhand eines Algorithmus das Surfverhalten und kann anschlie\u00dfend gezielt personalisierte Werbebanner bzw. Werbeanzeigen auf anderen Websites (sog. Publisher) anzeigen. In keinem Fall k\u00f6nnen diese Daten dazu verwendet werden, den Besucher dieser Website pers\u00f6nlich zu identifizieren. Die gesammelten Daten werden lediglich zur Verbesserung des Angebots benutzt. Eine andere Verwendung oder Weitergabe an Dritte erfolgt nicht.<\/p>\n\n\n\n<p>Du kannst der vollkommenen anonymen Analyse Deines Surfverhaltens auf dieser Seite widersprechen, indem Du auf nachfolgenden Link zur Austragung klickst:\u00a0<a href=\"https:\/\/www.google.com\/policies\/technologies\/ads\/\">https:\/\/www.google.com\/policies\/technologies\/ads\/<\/a><\/p>\n\n\n\n<h2 class=\"wp-block-heading\"><strong>Nutzung von Facebook Remarketing<\/strong><\/h2>\n\n\n\n<p>Diese Website verwendet die Remarketing-Funktion \u201eCustom Audiences\u201c der Facebook Inc. (\u201eFacebook\u201c). Diese Funktion dient dazu, Besuchern dieser Webseite im Rahmen des Besuchs des sozialen Netzwerkes Facebook interessenbezogene Werbeanzeigen\u00a0(\u201eFacebook-Ads\u201c) zu pr\u00e4sentieren. Hierzu wurde auf dieser Website das Facebook Pixel implementiert.\u00a0\u00dcber dieses Pixel wird beim Besuch der Webseite eine direkte Verbindung zu den Facebook-Servern hergestellt. Dabei wird an den Facebook-Server \u00fcbermittelt, dass Du diese Website besucht hast und Facebook ordnet diese Information Deinem pers\u00f6nlichen Facebook-Benutzerkonto zu. N\u00e4here Informationen zur Erhebung und Nutzung der Daten durch Facebook sowie \u00fcber Deine diesbez\u00fcglichen Rechte und M\u00f6glichkeiten zum Schutz Deiner Privatsph\u00e4re findest Du in den Datenschutzhinweisen von Facebook unter\u00a0<a rel=\"noreferrer noopener\" href=\"https:\/\/www.facebook.com\/about\/privacy\/\" target=\"_blank\">https:\/\/www.facebook.com\/about\/privacy\/<\/a>. Alternativ kannst Du die Remarketing-Funktion \u201eCustom Audiences\u201c unter\u00a0<a rel=\"noreferrer noopener\" href=\"https:\/\/www.facebook.com\/settings\/\" target=\"_blank\">https:\/\/www.facebook.com\/settings\/<\/a>\u00a0deaktivieren. Hierf\u00fcr musst Du bei Facebook angemeldet sein.<\/p>\n","protected":false},"excerpt":{"rendered":"<p>Personenbezogene Daten Personenbezogene Daten werden nur erhoben, wenn Du mir diese selbst \u00fcber das Kontaktformular mitteilst. Diese Daten nutze ich ausschliesslich zur Beantwortung Deiner Anfrage. Deine Daten werden nicht an Dritte weitergegeben. Ich behalte Deine Daten so lange auf, wie ich dies zur Einhaltung der gew\u00fcnschten, durch mich erbrachten Dienstleistungen als notwendig oder angemessen betrachte [&hellip;]<\/p>\n","protected":false},"author":1,"featured_media":0,"parent":0,"menu_order":0,"comment_status":"closed","ping_status":"closed","template":"","meta":{"footnotes":""},"class_list":["post-3","page","type-page","status-publish","hentry"],"_links":{"self":[{"href":"https:\/\/sirty6.ch\/six\/wp-json\/wp\/v2\/pages\/3","targetHints":{"allow":["GET"]}}],"collection":[{"href":"https:\/\/sirty6.ch\/six\/wp-json\/wp\/v2\/pages"}],"about":[{"href":"https:\/\/sirty6.ch\/six\/wp-json\/wp\/v2\/types\/page"}],"author":[{"embeddable":true,"href":"https:\/\/sirty6.ch\/six\/wp-json\/wp\/v2\/users\/1"}],"replies":[{"embeddable":true,"href":"https:\/\/sirty6.ch\/six\/wp-json\/wp\/v2\/comments?post=3"}],"version-history":[{"count":7,"href":"https:\/\/sirty6.ch\/six\/wp-json\/wp\/v2\/pages\/3\/revisions"}],"predecessor-version":[{"id":1470,"href":"https:\/\/sirty6.ch\/six\/wp-json\/wp\/v2\/pages\/3\/revisions\/1470"}],"wp:attachment":[{"href":"https:\/\/sirty6.ch\/six\/wp-json\/wp\/v2\/media?parent=3"}],"curies":[{"name":"wp","href":"https:\/\/api.w.org\/{rel}","templated":true}]}}